{"id":109,"date":"2025-04-21T17:03:26","date_gmt":"2025-04-21T17:03:26","guid":{"rendered":"https:\/\/www.actisuniversidadesintra.pt\/web\/ciencias-e-tecnologia\/"},"modified":"2025-08-14T22:01:17","modified_gmt":"2025-08-14T22:01:17","slug":"ciencias-e-tecnologia","status":"publish","type":"page","link":"https:\/\/www.actisuniversidadesintra.pt\/web\/actividades-disciplinas\/ciencias-e-tecnologia\/","title":{"rendered":"Ci\u00eancias e Tecnologia"},"content":{"rendered":"\t\t<div data-elementor-type=\"wp-post\" data-elementor-id=\"109\" class=\"elementor elementor-109\" data-elementor-post-type=\"page\">\n\t\t\t\t<div class=\"elementor-element elementor-element-b5ae7fd e-flex e-con-boxed e-con e-parent\" data-id=\"b5ae7fd\" data-element_type=\"container\" data-settings=\"{&quot;background_background&quot;:&quot;classic&quot;}\">\n\t\t\t\t\t<div class=\"e-con-inner\">\n\t\t<div class=\"elementor-element elementor-element-5999f64 e-con-full e-flex e-con e-child\" data-id=\"5999f64\" data-element_type=\"container\">\n\t\t\t\t<div class=\"elementor-element elementor-element-0877344 elementor-widget elementor-widget-heading\" data-id=\"0877344\" data-element_type=\"widget\" data-widget_type=\"heading.default\">\n\t\t\t\t<div class=\"elementor-widget-container\">\n\t\t\t\t\t<h2 class=\"elementor-heading-title elementor-size-default\">Ci\u00eancias e tecnologia<\/h2>\t\t\t\t<\/div>\n\t\t\t\t<\/div>\n\t\t\t\t<\/div>\n\t\t\t\t\t<\/div>\n\t\t\t\t<\/div>\n\t\t<div class=\"elementor-element elementor-element-fb4f61c e-flex e-con-boxed e-con e-parent\" data-id=\"fb4f61c\" data-element_type=\"container\">\n\t\t\t\t\t<div class=\"e-con-inner\">\n\t\t<div class=\"elementor-element elementor-element-94a90f2 e-con-full e-flex e-con e-child\" data-id=\"94a90f2\" data-element_type=\"container\">\n\t\t\t\t<div class=\"elementor-element elementor-element-7a0a283 elementor-widget elementor-widget-image\" data-id=\"7a0a283\" data-element_type=\"widget\" data-widget_type=\"image.default\">\n\t\t\t\t<div class=\"elementor-widget-container\">\n\t\t\t\t\t\t\t\t\t\t\t\t\t\t\t<img fetchpriority=\"high\" decoding=\"async\" width=\"2000\" height=\"2019\" src=\"https:\/\/www.actisuniversidadesintra.pt\/web\/wp-content\/uploads\/2025\/08\/quadro_ciencias-e-tecnologias_2025-2026.jpg\" class=\"attachment-full size-full wp-image-1540\" alt=\"\" srcset=\"https:\/\/www.actisuniversidadesintra.pt\/web\/wp-content\/uploads\/2025\/08\/quadro_ciencias-e-tecnologias_2025-2026.jpg 2000w, https:\/\/www.actisuniversidadesintra.pt\/web\/wp-content\/uploads\/2025\/08\/quadro_ciencias-e-tecnologias_2025-2026-297x300.jpg 297w, https:\/\/www.actisuniversidadesintra.pt\/web\/wp-content\/uploads\/2025\/08\/quadro_ciencias-e-tecnologias_2025-2026-1014x1024.jpg 1014w, https:\/\/www.actisuniversidadesintra.pt\/web\/wp-content\/uploads\/2025\/08\/quadro_ciencias-e-tecnologias_2025-2026-150x150.jpg 150w, https:\/\/www.actisuniversidadesintra.pt\/web\/wp-content\/uploads\/2025\/08\/quadro_ciencias-e-tecnologias_2025-2026-768x775.jpg 768w, https:\/\/www.actisuniversidadesintra.pt\/web\/wp-content\/uploads\/2025\/08\/quadro_ciencias-e-tecnologias_2025-2026-1522x1536.jpg 1522w\" sizes=\"(max-width: 2000px) 100vw, 2000px\" \/>\t\t\t\t\t\t\t\t\t\t\t\t\t\t\t<\/div>\n\t\t\t\t<\/div>\n\t\t<div class=\"elementor-element elementor-element-31c2b7a e-con-full e-flex e-con e-child\" data-id=\"31c2b7a\" data-element_type=\"container\">\n\t\t\t\t<div class=\"elementor-element elementor-element-9a4e3c7 elementor-widget elementor-widget-heading\" data-id=\"9a4e3c7\" data-element_type=\"widget\" data-widget_type=\"heading.default\">\n\t\t\t\t<div class=\"elementor-widget-container\">\n\t\t\t\t\t<span class=\"elementor-heading-title elementor-size-default\"><a href=\"https:\/\/www.actisuniversidadesintra.pt\/web\/#atividades\">&lt; VOLTAR<\/a><\/span>\t\t\t\t<\/div>\n\t\t\t\t<\/div>\n\t\t\t\t<\/div>\n\t\t\t\t<\/div>\n\t\t\t\t\t<\/div>\n\t\t\t\t<\/div>\n\t\t<div class=\"elementor-element elementor-element-e15a695 elementor-hidden-desktop elementor-hidden-tablet elementor-hidden-mobile_extra elementor-hidden-mobile e-flex e-con-boxed e-con e-parent\" data-id=\"e15a695\" data-element_type=\"container\">\n\t\t\t\t\t<div class=\"e-con-inner\">\n\t\t<div class=\"elementor-element elementor-element-47b05aa e-con-full e-flex e-con e-child\" data-id=\"47b05aa\" data-element_type=\"container\">\n\t\t\t\t<div class=\"elementor-element elementor-element-2e4c796 elementor-widget elementor-widget-heading\" data-id=\"2e4c796\" data-element_type=\"widget\" data-widget_type=\"heading.default\">\n\t\t\t\t<div class=\"elementor-widget-container\">\n\t\t\t\t\t<h2 class=\"elementor-heading-title elementor-size-default\">Professores, disciplinas, c\u00f3digos<\/h2>\t\t\t\t<\/div>\n\t\t\t\t<\/div>\n\t\t\t\t<\/div>\n\t\t<div class=\"elementor-element elementor-element-308716f e-con-full e-flex e-con e-child\" data-id=\"308716f\" data-element_type=\"container\">\n\t\t\t\t<div class=\"elementor-element elementor-element-d5a12a4 elementor-widget elementor-widget-text-editor\" data-id=\"d5a12a4\" data-element_type=\"widget\" data-widget_type=\"text-editor.default\">\n\t\t\t\t<div class=\"elementor-widget-container\">\n\t\t\t\t\t\t\t\t\t<p><strong>Ana Paula Dias da Silva Leal<\/strong><br \/>Inform\u00e1tica Interm\u00e9dios A \u2013 A312<\/p><p>\u00a0<\/p><p><strong>Ant\u00f3nio Manuel Duarte Pacheco<\/strong> <br \/>Inform\u00e1tica Inicia\u00e7\u00e3o G \u2013 A310<\/p><p>\u00a0<\/p><p><strong>Ant\u00f3nio Marques Martins<\/strong><br \/>Inform\u00e1tica Inicia\u00e7\u00e3o H \u2013 P354<\/p><p>\u00a0<\/p><p><strong>Ant\u00f3nio Miguel Mendes de Oliveira<\/strong><br \/>Televis\u00e3o a Caixa Que Mudou o Mundo \u2013 A319<\/p><p>\u00a0<\/p><p><strong>Arnaldo Manuel Oliveira de S\u00e1 Frias<\/strong> <br \/>\u00c1gua e Energia \u2013 A318<br \/>Falemos da \u00c1gua e Altera\u00e7\u00f5es Clim\u00e1ticas \u2013 A317<\/p><p>\u00a0<\/p><p><strong>Carlos Fernando Rosado Silva Caldeira<\/strong><br \/>Eletricidade A \u2013 A320<br \/>Eletricidade B \u2013 A325<\/p><p>\u00a0<\/p><p><strong>Fernando Henrique da Silva Reboredo<\/strong> <br \/>Toxicologia Alimentar \u2013 A211<\/p><p>\u00a0<\/p><p><strong>Fernando Manuel Andr\u00e9 Figueira<\/strong><br \/>A Aventura Humana A \u2013 A301<br \/>A Aventura Humana B \u2013 P350<br \/>A Aventura Humana C \u2013 A315<\/p>\t\t\t\t\t\t\t\t<\/div>\n\t\t\t\t<\/div>\n\t\t\t\t<div class=\"elementor-element elementor-element-15f142c elementor-widget elementor-widget-text-editor\" data-id=\"15f142c\" data-element_type=\"widget\" data-widget_type=\"text-editor.default\">\n\t\t\t\t<div class=\"elementor-widget-container\">\n\t\t\t\t\t\t\t\t\t<p><strong>Francisco Biscaia dos Santos<\/strong><br \/>Inform\u00e1tica Inicia\u00e7\u00e3o F \u2013 A309<\/p><p>\u00a0<\/p><p><strong>Jo\u00e3o Maria de Oliveira<\/strong><br \/>Esmiu\u00e7ar Matem\u00e1tica A \u2013 A305<br \/>Esmiu\u00e7ar Matem\u00e1tica B \u2013 P351<br \/>Inform\u00e1tica Inicia\u00e7\u00e3o B \u2013 P352<\/p><p>\u00a0<\/p><p><strong>L\u00eddia Maria Geraldes Branco<\/strong><br \/>Prote\u00e7\u00e3o Civil A \u2013 A323<br \/>Prote\u00e7\u00e3o Civil B A \u2013 326<\/p><p>\u00a0<\/p><p><strong>Lu\u00eds Manuel Pereira da Costa<\/strong><br \/>Eletr\u00f3nica e Telecomunica\u00e7\u00f5es \u2013 A324<\/p><p>\u00a0<\/p><p><strong>Lu\u00edsa Maria Pinto Freixo Leote<\/strong><br \/>A Terra e a Vida \u2013 A303<\/p><p>\u00a0<\/p><p><strong>Maria Lu\u00edsa Brazinha Bogas<\/strong><br \/>Tecnologias Digitais A \u2013 A322<br \/>Tecnologias Digitais B \u2013 P358<br \/>Utiliza\u00e7\u00e3o da Internet A \u2013 A313<\/p><p>\u00a0<\/p><p><strong>Olga Maria e Silva Matias de Almeida Servulo Martinho<\/strong><br \/>Inform\u00e1tica Inicia\u00e7\u00e3o E \u2013 A308<\/p><p>\u00a0<\/p><p><strong>Rui Manuel Santos Carreira<\/strong><br \/>Inform\u00e1tica Avan\u00e7ados II \u2013 A307<\/p>\t\t\t\t\t\t\t\t<\/div>\n\t\t\t\t<\/div>\n\t\t\t\t<\/div>\n\t\t<div class=\"elementor-element elementor-element-5944f32 e-con-full e-flex e-con e-child\" data-id=\"5944f32\" data-element_type=\"container\">\n\t\t\t\t<div class=\"elementor-element elementor-element-a842b59 elementor-widget elementor-widget-heading\" data-id=\"a842b59\" data-element_type=\"widget\" data-widget_type=\"heading.default\">\n\t\t\t\t<div class=\"elementor-widget-container\">\n\t\t\t\t\t<span class=\"elementor-heading-title elementor-size-default\"><a href=\"https:\/\/www.actisuniversidadesintra.pt\/web\/\">&lt; VOLTAR<\/a><\/span>\t\t\t\t<\/div>\n\t\t\t\t<\/div>\n\t\t\t\t<\/div>\n\t\t\t\t\t<\/div>\n\t\t\t\t<\/div>\n\t\t\t\t<\/div>\n\t\t","protected":false},"excerpt":{"rendered":"<p>Ci\u00eancias e tecnologia &lt; VOLTAR Professores, disciplinas, c\u00f3digos Ana Paula Dias da Silva Leal Inform\u00e1tica Interm\u00e9dios A \u2013 A312 Ant\u00f3nio Manuel Duarte Pacheco Inform\u00e1tica Inicia\u00e7\u00e3o G \u2013 A310 Ant\u00f3nio Marques Martins Inform\u00e1tica Inicia\u00e7\u00e3o H \u2013 P354 Ant\u00f3nio Miguel Mendes de Oliveira Televis\u00e3o a Caixa Que Mudou o Mundo \u2013 A319 Arnaldo Manuel Oliveira de S\u00e1 [&hellip;]<\/p>\n","protected":false},"author":1,"featured_media":0,"parent":97,"menu_order":4,"comment_status":"closed","ping_status":"closed","template":"elementor_header_footer","meta":{"_acf_changed":false,"footnotes":""},"class_list":["post-109","page","type-page","status-publish","hentry"],"acf":[],"_links":{"self":[{"href":"https:\/\/www.actisuniversidadesintra.pt\/web\/wp-json\/wp\/v2\/pages\/109","targetHints":{"allow":["GET"]}}],"collection":[{"href":"https:\/\/www.actisuniversidadesintra.pt\/web\/wp-json\/wp\/v2\/pages"}],"about":[{"href":"https:\/\/www.actisuniversidadesintra.pt\/web\/wp-json\/wp\/v2\/types\/page"}],"author":[{"embeddable":true,"href":"https:\/\/www.actisuniversidadesintra.pt\/web\/wp-json\/wp\/v2\/users\/1"}],"replies":[{"embeddable":true,"href":"https:\/\/www.actisuniversidadesintra.pt\/web\/wp-json\/wp\/v2\/comments?post=109"}],"version-history":[{"count":49,"href":"https:\/\/www.actisuniversidadesintra.pt\/web\/wp-json\/wp\/v2\/pages\/109\/revisions"}],"predecessor-version":[{"id":1568,"href":"https:\/\/www.actisuniversidadesintra.pt\/web\/wp-json\/wp\/v2\/pages\/109\/revisions\/1568"}],"up":[{"embeddable":true,"href":"https:\/\/www.actisuniversidadesintra.pt\/web\/wp-json\/wp\/v2\/pages\/97"}],"wp:attachment":[{"href":"https:\/\/www.actisuniversidadesintra.pt\/web\/wp-json\/wp\/v2\/media?parent=109"}],"curies":[{"name":"wp","href":"https:\/\/api.w.org\/{rel}","templated":true}]}}