{"id":106,"date":"2025-04-21T17:03:26","date_gmt":"2025-04-21T17:03:26","guid":{"rendered":"https:\/\/www.actisuniversidadesintra.pt\/web\/linguas-e-humanidades\/"},"modified":"2025-08-14T22:03:32","modified_gmt":"2025-08-14T22:03:32","slug":"linguas-e-humanidades","status":"publish","type":"page","link":"https:\/\/www.actisuniversidadesintra.pt\/web\/actividades-disciplinas\/linguas-e-humanidades\/","title":{"rendered":"L\u00ednguas e Humanidades"},"content":{"rendered":"\t\t<div data-elementor-type=\"wp-post\" data-elementor-id=\"106\" class=\"elementor elementor-106\" data-elementor-post-type=\"page\">\n\t\t\t\t<div class=\"elementor-element elementor-element-d69750d e-flex e-con-boxed e-con e-parent\" data-id=\"d69750d\" data-element_type=\"container\" data-settings=\"{&quot;background_background&quot;:&quot;classic&quot;}\">\n\t\t\t\t\t<div class=\"e-con-inner\">\n\t\t<div class=\"elementor-element elementor-element-7d2e135 e-con-full e-flex e-con e-child\" data-id=\"7d2e135\" data-element_type=\"container\">\n\t\t\t\t<div class=\"elementor-element elementor-element-36018aa elementor-widget elementor-widget-heading\" data-id=\"36018aa\" data-element_type=\"widget\" data-widget_type=\"heading.default\">\n\t\t\t\t<div class=\"elementor-widget-container\">\n\t\t\t\t\t<h2 class=\"elementor-heading-title elementor-size-default\">L\u00ednguas e Humanidades<\/h2>\t\t\t\t<\/div>\n\t\t\t\t<\/div>\n\t\t\t\t<\/div>\n\t\t\t\t\t<\/div>\n\t\t\t\t<\/div>\n\t\t<div class=\"elementor-element elementor-element-cba4e8e e-flex e-con-boxed e-con e-parent\" data-id=\"cba4e8e\" data-element_type=\"container\">\n\t\t\t\t\t<div class=\"e-con-inner\">\n\t\t<div class=\"elementor-element elementor-element-c880913 e-con-full e-flex e-con e-child\" data-id=\"c880913\" data-element_type=\"container\">\n\t\t\t\t<div class=\"elementor-element elementor-element-0d480df elementor-widget elementor-widget-image\" data-id=\"0d480df\" data-element_type=\"widget\" data-widget_type=\"image.default\">\n\t\t\t\t<div class=\"elementor-widget-container\">\n\t\t\t\t\t\t\t\t\t\t\t\t\t\t\t<img fetchpriority=\"high\" decoding=\"async\" width=\"1827\" height=\"2560\" src=\"https:\/\/www.actisuniversidadesintra.pt\/web\/wp-content\/uploads\/2025\/08\/quadro_linguas-e-humanidades_2025-2026-scaled.jpg\" class=\"attachment-full size-full wp-image-1537\" alt=\"\" srcset=\"https:\/\/www.actisuniversidadesintra.pt\/web\/wp-content\/uploads\/2025\/08\/quadro_linguas-e-humanidades_2025-2026-scaled.jpg 1827w, https:\/\/www.actisuniversidadesintra.pt\/web\/wp-content\/uploads\/2025\/08\/quadro_linguas-e-humanidades_2025-2026-214x300.jpg 214w, https:\/\/www.actisuniversidadesintra.pt\/web\/wp-content\/uploads\/2025\/08\/quadro_linguas-e-humanidades_2025-2026-731x1024.jpg 731w, https:\/\/www.actisuniversidadesintra.pt\/web\/wp-content\/uploads\/2025\/08\/quadro_linguas-e-humanidades_2025-2026-768x1076.jpg 768w, https:\/\/www.actisuniversidadesintra.pt\/web\/wp-content\/uploads\/2025\/08\/quadro_linguas-e-humanidades_2025-2026-1096x1536.jpg 1096w, https:\/\/www.actisuniversidadesintra.pt\/web\/wp-content\/uploads\/2025\/08\/quadro_linguas-e-humanidades_2025-2026-1462x2048.jpg 1462w\" sizes=\"(max-width: 1827px) 100vw, 1827px\" \/>\t\t\t\t\t\t\t\t\t\t\t\t\t\t\t<\/div>\n\t\t\t\t<\/div>\n\t\t<div class=\"elementor-element elementor-element-9f38667 e-con-full e-flex e-con e-child\" data-id=\"9f38667\" data-element_type=\"container\">\n\t\t\t\t<div class=\"elementor-element elementor-element-9a16f8c elementor-widget elementor-widget-heading\" data-id=\"9a16f8c\" data-element_type=\"widget\" data-widget_type=\"heading.default\">\n\t\t\t\t<div class=\"elementor-widget-container\">\n\t\t\t\t\t<span class=\"elementor-heading-title elementor-size-default\"><a href=\"https:\/\/www.actisuniversidadesintra.pt\/web\/#atividades\">&lt; VOLTAR<\/a><\/span>\t\t\t\t<\/div>\n\t\t\t\t<\/div>\n\t\t\t\t<\/div>\n\t\t\t\t<\/div>\n\t\t\t\t\t<\/div>\n\t\t\t\t<\/div>\n\t\t<div class=\"elementor-element elementor-element-b3e09a1 elementor-hidden-desktop elementor-hidden-tablet elementor-hidden-mobile_extra elementor-hidden-mobile e-flex e-con-boxed e-con e-parent\" data-id=\"b3e09a1\" data-element_type=\"container\">\n\t\t\t\t\t<div class=\"e-con-inner\">\n\t\t<div class=\"elementor-element elementor-element-5fa24ec e-con-full e-flex e-con e-child\" data-id=\"5fa24ec\" data-element_type=\"container\">\n\t\t\t\t<div class=\"elementor-element elementor-element-e36c121 elementor-widget elementor-widget-heading\" data-id=\"e36c121\" data-element_type=\"widget\" data-widget_type=\"heading.default\">\n\t\t\t\t<div class=\"elementor-widget-container\">\n\t\t\t\t\t<h2 class=\"elementor-heading-title elementor-size-default\">Professores, disciplinas, c\u00f3digos<\/h2>\t\t\t\t<\/div>\n\t\t\t\t<\/div>\n\t\t\t\t<\/div>\n\t\t<div class=\"elementor-element elementor-element-e62b57d e-con-full e-flex e-con e-child\" data-id=\"e62b57d\" data-element_type=\"container\">\n\t\t\t\t<div class=\"elementor-element elementor-element-0521872 elementor-widget elementor-widget-text-editor\" data-id=\"0521872\" data-element_type=\"widget\" data-widget_type=\"text-editor.default\">\n\t\t\t\t<div class=\"elementor-widget-container\">\n\t\t\t\t\t\t\t\t\t<p><strong>Ana Maria Carvalho Biscaia Sousa Magalh\u00e3es<\/strong><br \/>Franc\u00eas I A \u2013 A404<br \/>Franc\u00eas II A \u2013 A405<\/p><p><br \/><strong>Ana Maria Costa D&#8217; \u00c1vila Cachado<\/strong><br \/>Ingl\u00eas II B \u2013 P460<br \/>Ingl\u00eas III \u2013 P461<\/p><p><br \/><strong>An\u00edbal Sousa Gon\u00e7alves<\/strong><br \/>Col\u00f3quios Matinais &#8211; Tem\u00e1tica Diversa \u2013 A402<\/p><p><br \/><strong>Jos\u00e9 Ant\u00f3nio Gomes de Oliveira<\/strong><br \/>Sociedade e Cultura Visual \u2013 A415<\/p><p><br \/><strong>Jos\u00e9 Ant\u00f3nio Marcos Serra<\/strong><br \/>Ideias e Conceitos &#8211; Partilha \u2013 A418<\/p><p><br \/><strong>Jos\u00e9 Grada Ferreira<\/strong><br \/>Italiano Inicia\u00e7\u00e3o \u2013 A417<\/p><p><br \/><strong>Jos\u00e9 Maria Ferreira Mateus<\/strong><br \/>Franc\u00eas Inicia\u00e7\u00e3o \u2013 A403<\/p><p><br \/><strong>Ludovina Oliveira Flor\u00eancio<\/strong><br \/>Monarcas Portugueses \u2013 A412<br \/>Os Grandes L\u00edderes Mundiais \u2013 A413<\/p><p><br \/><strong>Maria Abreu Paulos do Vale<\/strong><br \/>Franc\u00eas I B \u2013 P456<br \/>Franc\u00eas II B \u2013 P455<br \/>L\u00edngua Portuguesa A \u2013 P464<br \/>L\u00edngua Portuguesa B \u2013 P465<br \/>Literatura Portuguesa A \u2013 P466<br \/>Literatura Portuguesa B \u2013 P467<\/p><p><br \/><strong>Maria Beatriz Pereira de Oliveira<\/strong><br \/>Hist\u00f3ria da Arte Universal\/Portuguesa A \u2013 P458<br \/>Hist\u00f3ria da Arte Universal\/Portuguesa B \u2013 P469<br \/>Hist\u00f3ria Universal\/Portuguesa A \u2013 P459<br \/>Hist\u00f3ria Universal\/Portuguesa B \u2013 P470<\/p>\t\t\t\t\t\t\t\t<\/div>\n\t\t\t\t<\/div>\n\t\t\t\t<div class=\"elementor-element elementor-element-4165153 elementor-widget elementor-widget-text-editor\" data-id=\"4165153\" data-element_type=\"widget\" data-widget_type=\"text-editor.default\">\n\t\t\t\t<div class=\"elementor-widget-container\">\n\t\t\t\t\t\t\t\t\t<p><strong>Maria de Lourdes Santos da Silva Rom\u00e3o<\/strong><br \/>Cultura Cl\u00e1ssica I \u2013 P452<br \/>Cultura Cl\u00e1ssica II \u2013 P453<br \/>Grego Cl\u00e1ssico \u2013 P457<br \/>Latim \u2013 P463<\/p><p><br \/><strong>Maria do Carmo de Sousa Martins Gil<\/strong> <br \/>Hist\u00f3ria M\u00edtica e Cient\u00edfica A \u2013 A406<br \/>Hist\u00f3ria M\u00edtica e Cient\u00edfica B \u2013 A407<\/p><p><br \/><strong>Maria Helena Barata Afonso Pereira de Mello<\/strong><br \/>Ingl\u00eas Inicia\u00e7\u00e3o B \u2013 A421<\/p><p><br \/><strong>Maria Helena Oliveira Silva Nunes<\/strong><br \/>Ingl\u00eas I \u2013 A408<br \/>Ingl\u00eas II \u2013 A A409<br \/>Ingl\u00eas Inicia\u00e7\u00e3o A \u2013 A410<\/p><p><br \/><strong>Maria Lu\u00edsa Brazinha Bogas<\/strong><br \/>Espanhol Conversa\u00e7\u00e3o \u2013 P468<\/p><p><br \/><strong>Maria Margarida Ribeiro Lopes Cruz Pinto<\/strong><br \/>Viver o Portugu\u00eas \u2013 A414<\/p><p><br \/><strong>Maria Teresa Antunes Gall<\/strong><br \/>Alem\u00e3o Avan\u00e7ados \u2013 A416<br \/>Alem\u00e3o Inicia\u00e7\u00e3o \u2013 A411<br \/>Alem\u00e3o Interm\u00e9dios \u2013 A419<\/p><p><br \/><strong>M\u00e1rio Fernandes Almeida Alves<\/strong><br \/>Filosofia Contempor\u00e2nea \u2013 A420<\/p>\t\t\t\t\t\t\t\t<\/div>\n\t\t\t\t<\/div>\n\t\t\t\t<\/div>\n\t\t<div class=\"elementor-element elementor-element-aa55146 e-con-full e-flex e-con e-child\" data-id=\"aa55146\" data-element_type=\"container\">\n\t\t\t\t<div class=\"elementor-element elementor-element-c75c39c elementor-widget elementor-widget-heading\" data-id=\"c75c39c\" data-element_type=\"widget\" data-widget_type=\"heading.default\">\n\t\t\t\t<div class=\"elementor-widget-container\">\n\t\t\t\t\t<span class=\"elementor-heading-title elementor-size-default\"><a href=\"https:\/\/www.actisuniversidadesintra.pt\/web\/\">&lt; VOLTAR<\/a><\/span>\t\t\t\t<\/div>\n\t\t\t\t<\/div>\n\t\t\t\t<\/div>\n\t\t\t\t\t<\/div>\n\t\t\t\t<\/div>\n\t\t\t\t<\/div>\n\t\t","protected":false},"excerpt":{"rendered":"<p>L\u00ednguas e Humanidades &lt; VOLTAR Professores, disciplinas, c\u00f3digos Ana Maria Carvalho Biscaia Sousa Magalh\u00e3es Franc\u00eas I A \u2013 A404 Franc\u00eas II A \u2013 A405 Ana Maria Costa D&#8217; \u00c1vila Cachado Ingl\u00eas II B \u2013 P460 Ingl\u00eas III \u2013 P461 An\u00edbal Sousa Gon\u00e7alves Col\u00f3quios Matinais &#8211; Tem\u00e1tica Diversa \u2013 A402 Jos\u00e9 Ant\u00f3nio Gomes de Oliveira Sociedade [&hellip;]<\/p>\n","protected":false},"author":1,"featured_media":0,"parent":97,"menu_order":6,"comment_status":"closed","ping_status":"closed","template":"elementor_header_footer","meta":{"_acf_changed":false,"footnotes":""},"class_list":["post-106","page","type-page","status-publish","hentry"],"acf":[],"_links":{"self":[{"href":"https:\/\/www.actisuniversidadesintra.pt\/web\/wp-json\/wp\/v2\/pages\/106","targetHints":{"allow":["GET"]}}],"collection":[{"href":"https:\/\/www.actisuniversidadesintra.pt\/web\/wp-json\/wp\/v2\/pages"}],"about":[{"href":"https:\/\/www.actisuniversidadesintra.pt\/web\/wp-json\/wp\/v2\/types\/page"}],"author":[{"embeddable":true,"href":"https:\/\/www.actisuniversidadesintra.pt\/web\/wp-json\/wp\/v2\/users\/1"}],"replies":[{"embeddable":true,"href":"https:\/\/www.actisuniversidadesintra.pt\/web\/wp-json\/wp\/v2\/comments?post=106"}],"version-history":[{"count":36,"href":"https:\/\/www.actisuniversidadesintra.pt\/web\/wp-json\/wp\/v2\/pages\/106\/revisions"}],"predecessor-version":[{"id":1576,"href":"https:\/\/www.actisuniversidadesintra.pt\/web\/wp-json\/wp\/v2\/pages\/106\/revisions\/1576"}],"up":[{"embeddable":true,"href":"https:\/\/www.actisuniversidadesintra.pt\/web\/wp-json\/wp\/v2\/pages\/97"}],"wp:attachment":[{"href":"https:\/\/www.actisuniversidadesintra.pt\/web\/wp-json\/wp\/v2\/media?parent=106"}],"curies":[{"name":"wp","href":"https:\/\/api.w.org\/{rel}","templated":true}]}}