{"id":100,"date":"2025-04-21T17:03:26","date_gmt":"2025-04-21T17:03:26","guid":{"rendered":"https:\/\/www.actisuniversidadesintra.pt\/web\/musica-e-danca\/"},"modified":"2025-08-14T22:05:39","modified_gmt":"2025-08-14T22:05:39","slug":"musica-e-danca","status":"publish","type":"page","link":"https:\/\/www.actisuniversidadesintra.pt\/web\/actividades-disciplinas\/musica-e-danca\/","title":{"rendered":"M\u00fasica e Dan\u00e7a"},"content":{"rendered":"\t\t<div data-elementor-type=\"wp-post\" data-elementor-id=\"100\" class=\"elementor elementor-100\" data-elementor-post-type=\"page\">\n\t\t\t\t<div class=\"elementor-element elementor-element-126087f e-flex e-con-boxed e-con e-parent\" data-id=\"126087f\" data-element_type=\"container\" data-settings=\"{&quot;background_background&quot;:&quot;classic&quot;}\">\n\t\t\t\t\t<div class=\"e-con-inner\">\n\t\t<div class=\"elementor-element elementor-element-5bbc7fa e-con-full e-flex e-con e-child\" data-id=\"5bbc7fa\" data-element_type=\"container\">\n\t\t\t\t<div class=\"elementor-element elementor-element-531ffbf elementor-widget elementor-widget-heading\" data-id=\"531ffbf\" data-element_type=\"widget\" data-widget_type=\"heading.default\">\n\t\t\t\t<div class=\"elementor-widget-container\">\n\t\t\t\t\t<h2 class=\"elementor-heading-title elementor-size-default\">M\u00fasica e dan\u00e7a<\/h2>\t\t\t\t<\/div>\n\t\t\t\t<\/div>\n\t\t\t\t<\/div>\n\t\t\t\t\t<\/div>\n\t\t\t\t<\/div>\n\t\t<div class=\"elementor-element elementor-element-31bfbb2 e-flex e-con-boxed e-con e-parent\" data-id=\"31bfbb2\" data-element_type=\"container\">\n\t\t\t\t\t<div class=\"e-con-inner\">\n\t\t<div class=\"elementor-element elementor-element-56961d4 e-con-full e-flex e-con e-child\" data-id=\"56961d4\" data-element_type=\"container\">\n\t\t\t\t<div class=\"elementor-element elementor-element-9d2c215 elementor-widget elementor-widget-image\" data-id=\"9d2c215\" data-element_type=\"widget\" data-widget_type=\"image.default\">\n\t\t\t\t<div class=\"elementor-widget-container\">\n\t\t\t\t\t\t\t\t\t\t\t\t\t\t\t<img fetchpriority=\"high\" decoding=\"async\" width=\"2000\" height=\"1909\" src=\"https:\/\/www.actisuniversidadesintra.pt\/web\/wp-content\/uploads\/2025\/08\/musica-e-danca_2025-2026.jpg\" class=\"attachment-full size-full wp-image-1538\" alt=\"\" srcset=\"https:\/\/www.actisuniversidadesintra.pt\/web\/wp-content\/uploads\/2025\/08\/musica-e-danca_2025-2026.jpg 2000w, https:\/\/www.actisuniversidadesintra.pt\/web\/wp-content\/uploads\/2025\/08\/musica-e-danca_2025-2026-300x286.jpg 300w, https:\/\/www.actisuniversidadesintra.pt\/web\/wp-content\/uploads\/2025\/08\/musica-e-danca_2025-2026-1024x977.jpg 1024w, https:\/\/www.actisuniversidadesintra.pt\/web\/wp-content\/uploads\/2025\/08\/musica-e-danca_2025-2026-768x733.jpg 768w, https:\/\/www.actisuniversidadesintra.pt\/web\/wp-content\/uploads\/2025\/08\/musica-e-danca_2025-2026-1536x1466.jpg 1536w\" sizes=\"(max-width: 2000px) 100vw, 2000px\" \/>\t\t\t\t\t\t\t\t\t\t\t\t\t\t\t<\/div>\n\t\t\t\t<\/div>\n\t\t<div class=\"elementor-element elementor-element-e251000 e-con-full e-flex e-con e-child\" data-id=\"e251000\" data-element_type=\"container\">\n\t\t\t\t<div class=\"elementor-element elementor-element-9016f4b elementor-widget elementor-widget-heading\" data-id=\"9016f4b\" data-element_type=\"widget\" data-widget_type=\"heading.default\">\n\t\t\t\t<div class=\"elementor-widget-container\">\n\t\t\t\t\t<span class=\"elementor-heading-title elementor-size-default\"><a href=\"https:\/\/www.actisuniversidadesintra.pt\/web\/#atividades\">&lt; VOLTAR<\/a><\/span>\t\t\t\t<\/div>\n\t\t\t\t<\/div>\n\t\t\t\t<\/div>\n\t\t\t\t<\/div>\n\t\t\t\t\t<\/div>\n\t\t\t\t<\/div>\n\t\t<div class=\"elementor-element elementor-element-76be663 elementor-hidden-desktop elementor-hidden-tablet elementor-hidden-mobile_extra elementor-hidden-mobile e-flex e-con-boxed e-con e-parent\" data-id=\"76be663\" data-element_type=\"container\">\n\t\t\t\t\t<div class=\"e-con-inner\">\n\t\t<div class=\"elementor-element elementor-element-fd02aad e-con-full e-flex e-con e-child\" data-id=\"fd02aad\" data-element_type=\"container\">\n\t\t\t\t<div class=\"elementor-element elementor-element-8508bd0 elementor-widget elementor-widget-heading\" data-id=\"8508bd0\" data-element_type=\"widget\" data-widget_type=\"heading.default\">\n\t\t\t\t<div class=\"elementor-widget-container\">\n\t\t\t\t\t<h2 class=\"elementor-heading-title elementor-size-default\">Professores, disciplinas, c\u00f3digos<\/h2>\t\t\t\t<\/div>\n\t\t\t\t<\/div>\n\t\t\t\t<\/div>\n\t\t<div class=\"elementor-element elementor-element-242c752 e-con-full e-flex e-con e-child\" data-id=\"242c752\" data-element_type=\"container\">\n\t\t\t\t<div class=\"elementor-element elementor-element-17b3d35 elementor-widget elementor-widget-text-editor\" data-id=\"17b3d35\" data-element_type=\"widget\" data-widget_type=\"text-editor.default\">\n\t\t\t\t<div class=\"elementor-widget-container\">\n\t\t\t\t\t\t\t\t\t<p><strong>Am\u00e9rico Figueiredo Santos Boi\u00e7a<\/strong><br \/>Acordeon \u2013 A623<br \/>CantActis \u2013 A609<\/p><p><br \/><strong>Ant\u00f3nio Mesquita Carvalho<\/strong><br \/>Grupo de Percuss\u00e3o \u2013 A625<\/p><p><br \/><strong>Fernando Alves Pereira<\/strong><br \/>Grupo Coral Instrumental \u2013 A606<\/p><p><br \/><strong>Francisco Ant\u00f3nio Jorge Proen\u00e7a<\/strong> <br \/>Viola\/Guitarra Aperfei\u00e7oamento \u2013 A616<\/p><p><br \/><strong>Jos\u00e9 Ant\u00f3nio Marcos Serra<\/strong><br \/>Dan\u00e7as VivaViDaCul I \u2013 A607<br \/>Dan\u00e7as VivaViDaCul II \u2013 A608<\/p><p><br \/><strong>Jos\u00e9 Dias Fernandes Bastos<\/strong><br \/>Viola Interm\u00e9dios \u2013 A626<\/p><p><br \/><strong>Jos\u00e9 Manuel Maleno Gavino<\/strong><br \/>Sarroncas \u2013 A614<\/p><p><br \/><strong>Lu\u00eds Ant\u00f3nio Andrade Sena<\/strong><br \/>Cavaquinho Grupo A \u2013 A602<br \/>Cavaquinho Grupo Interm\u00e9dios \u2013 A603<br \/>Cavaquinho Grupo Principal \u2013 A604<br \/>Cavaquinho Inicia\u00e7\u00e3o \u2013 A605<\/p>\t\t\t\t\t\t\t\t<\/div>\n\t\t\t\t<\/div>\n\t\t\t\t<div class=\"elementor-element elementor-element-723fec9 elementor-widget elementor-widget-text-editor\" data-id=\"723fec9\" data-element_type=\"widget\" data-widget_type=\"text-editor.default\">\n\t\t\t\t<div class=\"elementor-widget-container\">\n\t\t\t\t\t\t\t\t\t<p><strong>Lu\u00eds Filipe Matos Coelho<\/strong><br \/>Fado Patrim\u00f3nio Imaterial Humanidade \u2013 A610<br \/>Hist\u00f3ria da M\u00fasica Portuguesa \u2013 A612<br \/>Linguagem Musical \u2013 A621<br \/><br \/><strong>Lu\u00eds Manuel Pereira da Costa<\/strong><br \/>Org\u00e3o A \u2013 A613<br \/>Org\u00e3o B \u2013 A615<br \/><br \/><strong>Maria Celeste Baltazar Dias<\/strong><br \/>Grupo Dan\u00e7as Cantares \u2013 A620<br \/>Grupo das Adufeiras \u2013 P655<br \/><br \/><strong>Maria de Lurdes Martins Barros Vicente<\/strong><br \/>Tuna Acad\u00e9mica \u2013 A601<br \/><br \/><strong>Vasco Amadeu de Jesus Ferreira dos Santos<\/strong><br \/>Viola Inicia\u00e7\u00e3o B \u2013 A622<br \/><br \/><strong>Vitor Manuel Loureiro Couto<\/strong><br \/>Viola Inicia\u00e7\u00e3o A \u2013 A618<\/p>\t\t\t\t\t\t\t\t<\/div>\n\t\t\t\t<\/div>\n\t\t\t\t<\/div>\n\t\t<div class=\"elementor-element elementor-element-ca4b90b e-con-full e-flex e-con e-child\" data-id=\"ca4b90b\" data-element_type=\"container\">\n\t\t\t\t<div class=\"elementor-element elementor-element-87fd544 elementor-widget elementor-widget-heading\" data-id=\"87fd544\" data-element_type=\"widget\" data-widget_type=\"heading.default\">\n\t\t\t\t<div class=\"elementor-widget-container\">\n\t\t\t\t\t<span class=\"elementor-heading-title elementor-size-default\"><a href=\"https:\/\/www.actisuniversidadesintra.pt\/web\/\">&lt; VOLTAR<\/a><\/span>\t\t\t\t<\/div>\n\t\t\t\t<\/div>\n\t\t\t\t<\/div>\n\t\t\t\t\t<\/div>\n\t\t\t\t<\/div>\n\t\t\t\t<\/div>\n\t\t","protected":false},"excerpt":{"rendered":"<p>M\u00fasica e dan\u00e7a &lt; VOLTAR Professores, disciplinas, c\u00f3digos Am\u00e9rico Figueiredo Santos Boi\u00e7a Acordeon \u2013 A623 CantActis \u2013 A609 Ant\u00f3nio Mesquita Carvalho Grupo de Percuss\u00e3o \u2013 A625 Fernando Alves Pereira Grupo Coral Instrumental \u2013 A606 Francisco Ant\u00f3nio Jorge Proen\u00e7a Viola\/Guitarra Aperfei\u00e7oamento \u2013 A616 Jos\u00e9 Ant\u00f3nio Marcos Serra Dan\u00e7as VivaViDaCul I \u2013 A607 Dan\u00e7as VivaViDaCul II \u2013 [&hellip;]<\/p>\n","protected":false},"author":1,"featured_media":0,"parent":97,"menu_order":9,"comment_status":"closed","ping_status":"closed","template":"elementor_header_footer","meta":{"_acf_changed":false,"footnotes":""},"class_list":["post-100","page","type-page","status-publish","hentry"],"acf":[],"_links":{"self":[{"href":"https:\/\/www.actisuniversidadesintra.pt\/web\/wp-json\/wp\/v2\/pages\/100","targetHints":{"allow":["GET"]}}],"collection":[{"href":"https:\/\/www.actisuniversidadesintra.pt\/web\/wp-json\/wp\/v2\/pages"}],"about":[{"href":"https:\/\/www.actisuniversidadesintra.pt\/web\/wp-json\/wp\/v2\/types\/page"}],"author":[{"embeddable":true,"href":"https:\/\/www.actisuniversidadesintra.pt\/web\/wp-json\/wp\/v2\/users\/1"}],"replies":[{"embeddable":true,"href":"https:\/\/www.actisuniversidadesintra.pt\/web\/wp-json\/wp\/v2\/comments?post=100"}],"version-history":[{"count":35,"href":"https:\/\/www.actisuniversidadesintra.pt\/web\/wp-json\/wp\/v2\/pages\/100\/revisions"}],"predecessor-version":[{"id":1588,"href":"https:\/\/www.actisuniversidadesintra.pt\/web\/wp-json\/wp\/v2\/pages\/100\/revisions\/1588"}],"up":[{"embeddable":true,"href":"https:\/\/www.actisuniversidadesintra.pt\/web\/wp-json\/wp\/v2\/pages\/97"}],"wp:attachment":[{"href":"https:\/\/www.actisuniversidadesintra.pt\/web\/wp-json\/wp\/v2\/media?parent=100"}],"curies":[{"name":"wp","href":"https:\/\/api.w.org\/{rel}","templated":true}]}}